{"id":273,"date":"2021-04-14T09:26:45","date_gmt":"2021-04-14T09:26:45","guid":{"rendered":"https:\/\/wp.kodesolution.live\/2021\/business\/sectron\/?page_id=273"},"modified":"2021-04-14T09:26:45","modified_gmt":"2021-04-14T09:26:45","slug":"team","status":"publish","type":"page","link":"https:\/\/www.klimujeme.com\/?page_id=273","title":{"rendered":"Team"},"content":{"rendered":"\t\t<div data-elementor-type=\"wp-page\" data-elementor-id=\"273\" class=\"elementor elementor-273\">\n\t\t\t\t\t\t<section class=\"elementor-section elementor-top-section elementor-element elementor-element-3f04dc2 elementor-section-stretched elementor-section-boxed elementor-section-height-default elementor-section-height-default tm-col-stretched-none tm-bg-color-over-image\" data-id=\"3f04dc2\" data-element_type=\"section\" data-settings=\"{&quot;background_background&quot;:&quot;classic&quot;,&quot;stretch_section&quot;:&quot;section-stretched&quot;}\">\n\t\t\t\t\t\t<div class=\"elementor-container elementor-column-gap-extended\">\n\t\t\t\t\t<div class=\"elementor-column elementor-col-100 elementor-top-column elementor-element elementor-element-6ddefb2 tm-bg-color-over-image\" data-id=\"6ddefb2\" data-element_type=\"column\">\n\t\t\t<div class=\"elementor-widget-wrap elementor-element-populated\">\n\t\t\t\t\t\t<div class=\"elementor-element elementor-element-943365c elementor-widget elementor-widget-tm-ele-cpt-staff\" data-id=\"943365c\" data-element_type=\"widget\" data-widget_type=\"tm-ele-cpt-staff.skin-style-current-theme1\">\n\t\t\t\t<div class=\"elementor-widget-container\">\n\t\t\t\r\n\t<div class=\"tm-sc-staff tm-sc-staff-grid text-center\">\r\n\t\t\r\n\t\r\n\t\t<!-- Isotope Gallery Grid -->\r\n\t\t<div id=\"staff-holder-889659\" class=\"isotope-layout grid-3 gutter-15 clearfix\">\r\n\t\t\t<div class=\"isotope-layout-inner\">\r\n\r\n        <!-- the loop -->\r\n                        <div class=\"isotope-item \">\r\n            <div class=\"team-current-theme1\">\r\n\t<div class=\"inner-box\">\r\n\t\t<div class=\"image-box\">\r\n\t\t\t\t\t\t\t\t\t\t\r\n\t\t<div class=\"thumb\">\r\n\t\t<img fetchpriority=\"high\" width=\"1000\" height=\"1000\" src=\"https:\/\/www.klimujeme.com\/wp-content\/uploads\/2022\/07\/team9.jpg\" class=\"img-fullwidth wp-post-image\" alt=\"\" decoding=\"async\" srcset=\"https:\/\/www.klimujeme.com\/wp-content\/uploads\/2022\/07\/team9.jpg 1000w, https:\/\/www.klimujeme.com\/wp-content\/uploads\/2022\/07\/team9-300x300.jpg 300w, https:\/\/www.klimujeme.com\/wp-content\/uploads\/2022\/07\/team9-100x100.jpg 100w, https:\/\/www.klimujeme.com\/wp-content\/uploads\/2022\/07\/team9-600x600.jpg 600w, https:\/\/www.klimujeme.com\/wp-content\/uploads\/2022\/07\/team9-150x150.jpg 150w, https:\/\/www.klimujeme.com\/wp-content\/uploads\/2022\/07\/team9-768x768.jpg 768w, https:\/\/www.klimujeme.com\/wp-content\/uploads\/2022\/07\/team9-550x550.jpg 550w\" sizes=\"(max-width: 1000px) 100vw, 1000px\" \/>\t<\/div>\r\n\t\t\t\t\t\t\t\t<ul class=\"styled-icons social-links icon-team-list icon-circled\">\r\n\t\t\t\t\t\t\t\t\t\t\t\t<li><a class=\"styled-icons-item\" target=\"_blank\" href=\"#\"><i class=\"fa fa-facebook\"><\/i><\/a><\/li>\r\n\t\t\t\t\t\t\t\t\t\t\t\t\t\t<li><a class=\"styled-icons-item\" target=\"_blank\" href=\"#\"><i class=\"fa fa-instagram\"><\/i><\/a><\/li>\r\n\t\t\t\t\t\t\t\t\t\t\t\t\t\t<li><a class=\"styled-icons-item\" target=\"_blank\" href=\"#\"><i class=\"fa fa-twitter\"><\/i><\/a><\/li>\r\n\t\t\t\t\t\t\t\t\t\t\t<\/ul>\r\n\t\t\t\t\t<\/div>\r\n\t\t<div class=\"info-box\">\r\n\t\t\t\r\n\t\t\t\t\r\n\t<div class=\"speciality\">Engineer<\/div>\r\n\r\n\t<h4 class=\"name\">\r\n\t\t\t<a href=\"https:\/\/www.klimujeme.com\/?staff-items=kevin-martin\">Kevin Martin<\/a>\r\n\t\t<\/h4>\r\n\r\n\t\t\t\r\n\t\t\t\t\t<div class=\"staff-btn\">\r\n\t\t\t<\/div>\r\n\t\t<\/div>\r\n\t<\/div>\r\n<\/div>        <\/div>\r\n                        <div class=\"isotope-item \">\r\n            <div class=\"team-current-theme1\">\r\n\t<div class=\"inner-box\">\r\n\t\t<div class=\"image-box\">\r\n\t\t\t\t\t\t\t\t\t\t\r\n\t\t<div class=\"thumb\">\r\n\t\t<img width=\"1000\" height=\"1000\" src=\"https:\/\/www.klimujeme.com\/wp-content\/uploads\/2022\/07\/team10.jpg\" class=\"img-fullwidth wp-post-image\" alt=\"\" decoding=\"async\" srcset=\"https:\/\/www.klimujeme.com\/wp-content\/uploads\/2022\/07\/team10.jpg 1000w, https:\/\/www.klimujeme.com\/wp-content\/uploads\/2022\/07\/team10-300x300.jpg 300w, https:\/\/www.klimujeme.com\/wp-content\/uploads\/2022\/07\/team10-100x100.jpg 100w, https:\/\/www.klimujeme.com\/wp-content\/uploads\/2022\/07\/team10-600x600.jpg 600w, https:\/\/www.klimujeme.com\/wp-content\/uploads\/2022\/07\/team10-150x150.jpg 150w, https:\/\/www.klimujeme.com\/wp-content\/uploads\/2022\/07\/team10-768x768.jpg 768w, https:\/\/www.klimujeme.com\/wp-content\/uploads\/2022\/07\/team10-550x550.jpg 550w\" sizes=\"(max-width: 1000px) 100vw, 1000px\" \/>\t<\/div>\r\n\t\t\t\t\t\t\t\t<ul class=\"styled-icons social-links icon-team-list icon-circled\">\r\n\t\t\t\t\t\t\t\t\t\t\t\t<li><a class=\"styled-icons-item\" target=\"_blank\" href=\"#\"><i class=\"fa fa-facebook\"><\/i><\/a><\/li>\r\n\t\t\t\t\t\t\t\t\t\t\t\t\t\t<li><a class=\"styled-icons-item\" target=\"_blank\" href=\"#\"><i class=\"fa fa-instagram\"><\/i><\/a><\/li>\r\n\t\t\t\t\t\t\t\t\t\t\t\t\t\t<li><a class=\"styled-icons-item\" target=\"_blank\" href=\"#\"><i class=\"fa fa-twitter\"><\/i><\/a><\/li>\r\n\t\t\t\t\t\t\t\t\t\t\t<\/ul>\r\n\t\t\t\t\t<\/div>\r\n\t\t<div class=\"info-box\">\r\n\t\t\t\r\n\t\t\t\t\r\n\t<div class=\"speciality\">Engineer<\/div>\r\n\r\n\t<h4 class=\"name\">\r\n\t\t\t<a href=\"https:\/\/www.klimujeme.com\/?staff-items=john-smith\">John Smith<\/a>\r\n\t\t<\/h4>\r\n\r\n\t\t\t\r\n\t\t\t\t\t<div class=\"staff-btn\">\r\n\t\t\t<\/div>\r\n\t\t<\/div>\r\n\t<\/div>\r\n<\/div>        <\/div>\r\n                        <div class=\"isotope-item \">\r\n            <div class=\"team-current-theme1\">\r\n\t<div class=\"inner-box\">\r\n\t\t<div class=\"image-box\">\r\n\t\t\t\t\t\t\t\t\t\t\r\n\t\t<div class=\"thumb\">\r\n\t\t<img width=\"1000\" height=\"1000\" src=\"https:\/\/www.klimujeme.com\/wp-content\/uploads\/2022\/07\/team11.jpg\" class=\"img-fullwidth wp-post-image\" alt=\"\" decoding=\"async\" srcset=\"https:\/\/www.klimujeme.com\/wp-content\/uploads\/2022\/07\/team11.jpg 1000w, https:\/\/www.klimujeme.com\/wp-content\/uploads\/2022\/07\/team11-300x300.jpg 300w, https:\/\/www.klimujeme.com\/wp-content\/uploads\/2022\/07\/team11-100x100.jpg 100w, https:\/\/www.klimujeme.com\/wp-content\/uploads\/2022\/07\/team11-600x600.jpg 600w, https:\/\/www.klimujeme.com\/wp-content\/uploads\/2022\/07\/team11-150x150.jpg 150w, https:\/\/www.klimujeme.com\/wp-content\/uploads\/2022\/07\/team11-768x768.jpg 768w, https:\/\/www.klimujeme.com\/wp-content\/uploads\/2022\/07\/team11-550x550.jpg 550w\" sizes=\"(max-width: 1000px) 100vw, 1000px\" \/>\t<\/div>\r\n\t\t\t\t\t\t\t\t<ul class=\"styled-icons social-links icon-team-list icon-circled\">\r\n\t\t\t\t\t\t\t\t\t\t\t\t<li><a class=\"styled-icons-item\" target=\"_blank\" href=\"#\"><i class=\"fa fa-facebook\"><\/i><\/a><\/li>\r\n\t\t\t\t\t\t\t\t\t\t\t\t\t\t<li><a class=\"styled-icons-item\" target=\"_blank\" href=\"#\"><i class=\"fa fa-instagram\"><\/i><\/a><\/li>\r\n\t\t\t\t\t\t\t\t\t\t\t\t\t\t<li><a class=\"styled-icons-item\" target=\"_blank\" href=\"#\"><i class=\"fa fa-twitter\"><\/i><\/a><\/li>\r\n\t\t\t\t\t\t\t\t\t\t\t<\/ul>\r\n\t\t\t\t\t<\/div>\r\n\t\t<div class=\"info-box\">\r\n\t\t\t\r\n\t\t\t\t\r\n\t<div class=\"speciality\">Engineer<\/div>\r\n\r\n\t<h4 class=\"name\">\r\n\t\t\t<a href=\"https:\/\/www.klimujeme.com\/?staff-items=jams-millard\">Jams Millard<\/a>\r\n\t\t<\/h4>\r\n\r\n\t\t\t\r\n\t\t\t\t\t<div class=\"staff-btn\">\r\n\t\t\t<\/div>\r\n\t\t<\/div>\r\n\t<\/div>\r\n<\/div>        <\/div>\r\n                        <div class=\"isotope-item \">\r\n            <div class=\"team-current-theme1\">\r\n\t<div class=\"inner-box\">\r\n\t\t<div class=\"image-box\">\r\n\t\t\t\t\t\t\t\t\t\t\r\n\t\t<div class=\"thumb\">\r\n\t\t<img loading=\"lazy\" width=\"1000\" height=\"1000\" src=\"https:\/\/www.klimujeme.com\/wp-content\/uploads\/2022\/07\/team12.jpg\" class=\"img-fullwidth wp-post-image\" alt=\"\" decoding=\"async\" srcset=\"https:\/\/www.klimujeme.com\/wp-content\/uploads\/2022\/07\/team12.jpg 1000w, https:\/\/www.klimujeme.com\/wp-content\/uploads\/2022\/07\/team12-300x300.jpg 300w, https:\/\/www.klimujeme.com\/wp-content\/uploads\/2022\/07\/team12-100x100.jpg 100w, https:\/\/www.klimujeme.com\/wp-content\/uploads\/2022\/07\/team12-600x600.jpg 600w, https:\/\/www.klimujeme.com\/wp-content\/uploads\/2022\/07\/team12-150x150.jpg 150w, https:\/\/www.klimujeme.com\/wp-content\/uploads\/2022\/07\/team12-768x768.jpg 768w, https:\/\/www.klimujeme.com\/wp-content\/uploads\/2022\/07\/team12-550x550.jpg 550w\" sizes=\"(max-width: 1000px) 100vw, 1000px\" \/>\t<\/div>\r\n\t\t\t\t\t\t\t\t<ul class=\"styled-icons social-links icon-team-list icon-circled\">\r\n\t\t\t\t\t\t\t\t\t\t\t\t<li><a class=\"styled-icons-item\" target=\"_blank\" href=\"#\"><i class=\"fa fa-facebook\"><\/i><\/a><\/li>\r\n\t\t\t\t\t\t\t\t\t\t\t\t\t\t<li><a class=\"styled-icons-item\" target=\"_blank\" href=\"#\"><i class=\"fa fa-instagram\"><\/i><\/a><\/li>\r\n\t\t\t\t\t\t\t\t\t\t\t\t\t\t<li><a class=\"styled-icons-item\" target=\"_blank\" href=\"#\"><i class=\"fa fa-twitter\"><\/i><\/a><\/li>\r\n\t\t\t\t\t\t\t\t\t\t\t<\/ul>\r\n\t\t\t\t\t<\/div>\r\n\t\t<div class=\"info-box\">\r\n\t\t\t\r\n\t\t\t\t\r\n\t<div class=\"speciality\">Chief Engineer<\/div>\r\n\r\n\t<h4 class=\"name\">\r\n\t\t\t<a href=\"https:\/\/www.klimujeme.com\/?staff-items=kirk-mathison\">Kirk Mathison<\/a>\r\n\t\t<\/h4>\r\n\r\n\t\t\t\r\n\t\t\t\t\t<div class=\"staff-btn\">\r\n\t\t\t<\/div>\r\n\t\t<\/div>\r\n\t<\/div>\r\n<\/div>        <\/div>\r\n                        <div class=\"isotope-item \">\r\n            <div class=\"team-current-theme1\">\r\n\t<div class=\"inner-box\">\r\n\t\t<div class=\"image-box\">\r\n\t\t\t\t\t\t\t\t\t\t\r\n\t\t<div class=\"thumb\">\r\n\t\t<img loading=\"lazy\" width=\"1000\" height=\"1000\" src=\"https:\/\/www.klimujeme.com\/wp-content\/uploads\/2021\/03\/team1.jpg\" class=\"img-fullwidth wp-post-image\" alt=\"\" decoding=\"async\" srcset=\"https:\/\/www.klimujeme.com\/wp-content\/uploads\/2021\/03\/team1.jpg 1000w, https:\/\/www.klimujeme.com\/wp-content\/uploads\/2021\/03\/team1-300x300.jpg 300w, https:\/\/www.klimujeme.com\/wp-content\/uploads\/2021\/03\/team1-100x100.jpg 100w, https:\/\/www.klimujeme.com\/wp-content\/uploads\/2021\/03\/team1-600x600.jpg 600w, https:\/\/www.klimujeme.com\/wp-content\/uploads\/2021\/03\/team1-150x150.jpg 150w, https:\/\/www.klimujeme.com\/wp-content\/uploads\/2021\/03\/team1-768x768.jpg 768w, https:\/\/www.klimujeme.com\/wp-content\/uploads\/2021\/03\/team1-550x550.jpg 550w\" sizes=\"(max-width: 1000px) 100vw, 1000px\" \/>\t<\/div>\r\n\t\t\t\t\t\t\t\t<ul class=\"styled-icons social-links icon-team-list icon-circled\">\r\n\t\t\t\t\t\t\t\t\t\t\t\t<li><a class=\"styled-icons-item\" target=\"_blank\" href=\"#\"><i class=\"fa fa-facebook\"><\/i><\/a><\/li>\r\n\t\t\t\t\t\t\t\t\t\t\t\t\t\t<li><a class=\"styled-icons-item\" target=\"_blank\" href=\"#\"><i class=\"fa fa-instagram\"><\/i><\/a><\/li>\r\n\t\t\t\t\t\t\t\t\t\t\t\t\t\t<li><a class=\"styled-icons-item\" target=\"_blank\" href=\"#\"><i class=\"fa fa-twitter\"><\/i><\/a><\/li>\r\n\t\t\t\t\t\t\t\t\t\t\t<\/ul>\r\n\t\t\t\t\t<\/div>\r\n\t\t<div class=\"info-box\">\r\n\t\t\t\r\n\t\t\t\t\r\n\t<div class=\"speciality\">Engineer<\/div>\r\n\r\n\t<h4 class=\"name\">\r\n\t\t\t<a href=\"https:\/\/www.klimujeme.com\/?staff-items=gerrad-jorge\">Gerrad Jorge<\/a>\r\n\t\t<\/h4>\r\n\r\n\t\t\t\r\n\t\t\t\t\t<div class=\"staff-btn\">\r\n\t\t\t<\/div>\r\n\t\t<\/div>\r\n\t<\/div>\r\n<\/div>        <\/div>\r\n                        <div class=\"isotope-item \">\r\n            <div class=\"team-current-theme1\">\r\n\t<div class=\"inner-box\">\r\n\t\t<div class=\"image-box\">\r\n\t\t\t\t\t\t\t\t\t\t\r\n\t\t<div class=\"thumb\">\r\n\t\t<img loading=\"lazy\" width=\"1000\" height=\"1000\" src=\"https:\/\/www.klimujeme.com\/wp-content\/uploads\/2021\/04\/team3.jpg\" class=\"img-fullwidth wp-post-image\" alt=\"\" decoding=\"async\" srcset=\"https:\/\/www.klimujeme.com\/wp-content\/uploads\/2021\/04\/team3.jpg 1000w, https:\/\/www.klimujeme.com\/wp-content\/uploads\/2021\/04\/team3-300x300.jpg 300w, https:\/\/www.klimujeme.com\/wp-content\/uploads\/2021\/04\/team3-100x100.jpg 100w, https:\/\/www.klimujeme.com\/wp-content\/uploads\/2021\/04\/team3-600x600.jpg 600w, https:\/\/www.klimujeme.com\/wp-content\/uploads\/2021\/04\/team3-150x150.jpg 150w, https:\/\/www.klimujeme.com\/wp-content\/uploads\/2021\/04\/team3-768x768.jpg 768w, https:\/\/www.klimujeme.com\/wp-content\/uploads\/2021\/04\/team3-550x550.jpg 550w\" sizes=\"(max-width: 1000px) 100vw, 1000px\" \/>\t<\/div>\r\n\t\t\t\t\t\t\t\t<ul class=\"styled-icons social-links icon-team-list icon-circled\">\r\n\t\t\t\t\t\t\t\t\t\t\t\t<li><a class=\"styled-icons-item\" target=\"_blank\" href=\"#\"><i class=\"fa fa-facebook\"><\/i><\/a><\/li>\r\n\t\t\t\t\t\t\t\t\t\t\t\t\t\t<li><a class=\"styled-icons-item\" target=\"_blank\" href=\"#\"><i class=\"fa fa-instagram\"><\/i><\/a><\/li>\r\n\t\t\t\t\t\t\t\t\t\t\t\t\t\t<li><a class=\"styled-icons-item\" target=\"_blank\" href=\"#\"><i class=\"fa fa-twitter\"><\/i><\/a><\/li>\r\n\t\t\t\t\t\t\t\t\t\t\t<\/ul>\r\n\t\t\t\t\t<\/div>\r\n\t\t<div class=\"info-box\">\r\n\t\t\t\r\n\t\t\t\t\r\n\t<div class=\"speciality\">Project Head<\/div>\r\n\r\n\t<h4 class=\"name\">\r\n\t\t\t<a href=\"https:\/\/www.klimujeme.com\/?staff-items=robert-anderson\">Robert Anderson<\/a>\r\n\t\t<\/h4>\r\n\r\n\t\t\t\r\n\t\t\t\t\t<div class=\"staff-btn\">\r\n\t\t\t<\/div>\r\n\t\t<\/div>\r\n\t<\/div>\r\n<\/div>        <\/div>\r\n                <!-- end of the loop -->\r\n\t\t\t<\/div>\r\n\t\t<\/div>\r\n\t\t\t<\/div>\r\n\t\t\r\n\t\t<\/div>\n\t\t\t\t<\/div>\n\t\t\t\t\t<\/div>\n\t\t<\/div>\n\t\t\t\t\t<\/div>\n\t\t<\/section>\n\t\t\t\t<\/div>\n\t\t","protected":false},"excerpt":{"rendered":"<p>Engineer Kevin Martin Engineer John Smith Engineer Jams Millard Chief Engineer Kirk Mathison Engineer Gerrad Jorge Project Head Robert Anderson<\/p>\n","protected":false},"author":1,"featured_media":0,"parent":0,"menu_order":0,"comment_status":"closed","ping_status":"closed","template":"","meta":{"_mi_skip_tracking":false,"_monsterinsights_sitenote_active":false,"_monsterinsights_sitenote_note":"","_monsterinsights_sitenote_category":0},"yoast_head":"<!-- This site is optimized with the Yoast SEO plugin v21.8.1 - https:\/\/yoast.com\/wordpress\/plugins\/seo\/ -->\n<title>Team - KLIMUJEME.SK - Klimatiz\u00e1cie a tepeln\u00e9 \u010derpadl\u00e1<\/title>\n<meta name=\"robots\" content=\"index, follow, max-snippet:-1, max-image-preview:large, max-video-preview:-1\" \/>\n<link rel=\"canonical\" href=\"https:\/\/www.klimujeme.com\/?page_id=273\" \/>\n<meta property=\"og:locale\" content=\"sk_SK\" \/>\n<meta property=\"og:type\" content=\"article\" \/>\n<meta property=\"og:title\" content=\"Team - KLIMUJEME.SK - Klimatiz\u00e1cie a tepeln\u00e9 \u010derpadl\u00e1\" \/>\n<meta property=\"og:description\" content=\"Engineer Kevin Martin Engineer John Smith Engineer Jams Millard Chief Engineer Kirk Mathison Engineer Gerrad Jorge Project Head Robert Anderson\" \/>\n<meta property=\"og:url\" content=\"https:\/\/www.klimujeme.com\/?page_id=273\" \/>\n<meta property=\"og:site_name\" content=\"KLIMUJEME.SK - Klimatiz\u00e1cie a tepeln\u00e9 \u010derpadl\u00e1\" \/>\n<meta property=\"og:image\" content=\"https:\/\/kodesolution.com\/2022\/cooltech\/wp-content\/uploads\/2022\/07\/team9.jpg\" \/>\n<meta name=\"twitter:card\" content=\"summary_large_image\" \/>\n<script type=\"application\/ld+json\" class=\"yoast-schema-graph\">{\"@context\":\"https:\/\/schema.org\",\"@graph\":[{\"@type\":\"WebPage\",\"@id\":\"https:\/\/www.klimujeme.com\/?page_id=273\",\"url\":\"https:\/\/www.klimujeme.com\/?page_id=273\",\"name\":\"Team - KLIMUJEME.SK - Klimatiz\u00e1cie a tepeln\u00e9 \u010derpadl\u00e1\",\"isPartOf\":{\"@id\":\"https:\/\/www.klimujeme.com\/#website\"},\"datePublished\":\"2021-04-14T09:26:45+00:00\",\"dateModified\":\"2021-04-14T09:26:45+00:00\",\"breadcrumb\":{\"@id\":\"https:\/\/www.klimujeme.com\/?page_id=273#breadcrumb\"},\"inLanguage\":\"sk-SK\",\"potentialAction\":[{\"@type\":\"ReadAction\",\"target\":[\"https:\/\/www.klimujeme.com\/?page_id=273\"]}]},{\"@type\":\"BreadcrumbList\",\"@id\":\"https:\/\/www.klimujeme.com\/?page_id=273#breadcrumb\",\"itemListElement\":[{\"@type\":\"ListItem\",\"position\":1,\"name\":\"Domovsk\u00e1 str\u00e1nka\",\"item\":\"https:\/\/www.klimujeme.com\/\"},{\"@type\":\"ListItem\",\"position\":2,\"name\":\"Team\"}]},{\"@type\":\"WebSite\",\"@id\":\"https:\/\/www.klimujeme.com\/#website\",\"url\":\"https:\/\/www.klimujeme.com\/\",\"name\":\"KLIMUJEME.SK - Klimatiz\u00e1cie a tepeln\u00e9 \u010derpadl\u00e1\",\"description\":\"Klimatiz\u00e1cie pre v\u00e1\u0161 domov aj podnikanie\",\"potentialAction\":[{\"@type\":\"SearchAction\",\"target\":{\"@type\":\"EntryPoint\",\"urlTemplate\":\"https:\/\/www.klimujeme.com\/?s={search_term_string}\"},\"query-input\":\"required name=search_term_string\"}],\"inLanguage\":\"sk-SK\"}]}<\/script>\n<!-- \/ Yoast SEO plugin. -->","yoast_head_json":{"title":"Team - KLIMUJEME.SK - Klimatiz\u00e1cie a tepeln\u00e9 \u010derpadl\u00e1","robots":{"index":"index","follow":"follow","max-snippet":"max-snippet:-1","max-image-preview":"max-image-preview:large","max-video-preview":"max-video-preview:-1"},"canonical":"https:\/\/www.klimujeme.com\/?page_id=273","og_locale":"sk_SK","og_type":"article","og_title":"Team - KLIMUJEME.SK - Klimatiz\u00e1cie a tepeln\u00e9 \u010derpadl\u00e1","og_description":"Engineer Kevin Martin Engineer John Smith Engineer Jams Millard Chief Engineer Kirk Mathison Engineer Gerrad Jorge Project Head Robert Anderson","og_url":"https:\/\/www.klimujeme.com\/?page_id=273","og_site_name":"KLIMUJEME.SK - Klimatiz\u00e1cie a tepeln\u00e9 \u010derpadl\u00e1","og_image":[{"url":"https:\/\/kodesolution.com\/2022\/cooltech\/wp-content\/uploads\/2022\/07\/team9.jpg"}],"twitter_card":"summary_large_image","schema":{"@context":"https:\/\/schema.org","@graph":[{"@type":"WebPage","@id":"https:\/\/www.klimujeme.com\/?page_id=273","url":"https:\/\/www.klimujeme.com\/?page_id=273","name":"Team - KLIMUJEME.SK - Klimatiz\u00e1cie a tepeln\u00e9 \u010derpadl\u00e1","isPartOf":{"@id":"https:\/\/www.klimujeme.com\/#website"},"datePublished":"2021-04-14T09:26:45+00:00","dateModified":"2021-04-14T09:26:45+00:00","breadcrumb":{"@id":"https:\/\/www.klimujeme.com\/?page_id=273#breadcrumb"},"inLanguage":"sk-SK","potentialAction":[{"@type":"ReadAction","target":["https:\/\/www.klimujeme.com\/?page_id=273"]}]},{"@type":"BreadcrumbList","@id":"https:\/\/www.klimujeme.com\/?page_id=273#breadcrumb","itemListElement":[{"@type":"ListItem","position":1,"name":"Domovsk\u00e1 str\u00e1nka","item":"https:\/\/www.klimujeme.com\/"},{"@type":"ListItem","position":2,"name":"Team"}]},{"@type":"WebSite","@id":"https:\/\/www.klimujeme.com\/#website","url":"https:\/\/www.klimujeme.com\/","name":"KLIMUJEME.SK - Klimatiz\u00e1cie a tepeln\u00e9 \u010derpadl\u00e1","description":"Klimatiz\u00e1cie pre v\u00e1\u0161 domov aj podnikanie","potentialAction":[{"@type":"SearchAction","target":{"@type":"EntryPoint","urlTemplate":"https:\/\/www.klimujeme.com\/?s={search_term_string}"},"query-input":"required name=search_term_string"}],"inLanguage":"sk-SK"}]}},"_links":{"self":[{"href":"https:\/\/www.klimujeme.com\/index.php?rest_route=\/wp\/v2\/pages\/273"}],"collection":[{"href":"https:\/\/www.klimujeme.com\/index.php?rest_route=\/wp\/v2\/pages"}],"about":[{"href":"https:\/\/www.klimujeme.com\/index.php?rest_route=\/wp\/v2\/types\/page"}],"author":[{"embeddable":true,"href":"https:\/\/www.klimujeme.com\/index.php?rest_route=\/wp\/v2\/users\/1"}],"replies":[{"embeddable":true,"href":"https:\/\/www.klimujeme.com\/index.php?rest_route=%2Fwp%2Fv2%2Fcomments&post=273"}],"version-history":[{"count":0,"href":"https:\/\/www.klimujeme.com\/index.php?rest_route=\/wp\/v2\/pages\/273\/revisions"}],"wp:attachment":[{"href":"https:\/\/www.klimujeme.com\/index.php?rest_route=%2Fwp%2Fv2%2Fmedia&parent=273"}],"curies":[{"name":"wp","href":"https:\/\/api.w.org\/{rel}","templated":true}]}}