{"id":22947,"date":"2021-04-14T09:27:38","date_gmt":"2021-04-14T09:27:38","guid":{"rendered":"https:\/\/wp.kodesolution.live\/2021\/business\/sectron\/?page_id=277"},"modified":"2021-04-14T09:27:38","modified_gmt":"2021-04-14T09:27:38","slug":"projects","status":"publish","type":"page","link":"https:\/\/www.klimujeme.com\/?page_id=22947","title":{"rendered":"Projects"},"content":{"rendered":"\t\t<div data-elementor-type=\"wp-page\" data-elementor-id=\"22947\" class=\"elementor elementor-22947\">\n\t\t\t\t\t\t<section class=\"elementor-section elementor-top-section elementor-element elementor-element-53122af elementor-section-stretched elementor-section-boxed elementor-section-height-default elementor-section-height-default tm-col-stretched-none tm-bg-color-over-image\" data-id=\"53122af\" data-element_type=\"section\" data-settings=\"{&quot;stretch_section&quot;:&quot;section-stretched&quot;}\">\n\t\t\t\t\t\t<div class=\"elementor-container elementor-column-gap-extended\">\n\t\t\t\t\t<div class=\"elementor-column elementor-col-100 elementor-top-column elementor-element elementor-element-9c656dd tm-bg-color-over-image\" data-id=\"9c656dd\" data-element_type=\"column\">\n\t\t\t<div class=\"elementor-widget-wrap elementor-element-populated\">\n\t\t\t\t\t\t<div class=\"elementor-element elementor-element-e1e121c elementor-widget elementor-widget-tm-ele-cpt-projects\" data-id=\"e1e121c\" data-element_type=\"widget\" data-widget_type=\"tm-ele-cpt-projects.skin-style-current-theme2\">\n\t\t\t\t<div class=\"elementor-widget-container\">\n\t\t\t\r\n\t<div class=\"tm-sc-projects tm-sc-projects-grid \">\r\n\t\t\r\n\t\r\n\t\t<!-- Isotope Gallery Grid -->\r\n\t\t<div id=\"projects-holder-670082\" class=\"isotope-layout grid-3 gutter-15 clearfix\">\r\n\t\t\t<div class=\"isotope-layout-inner\">\r\n\r\n                <!-- the loop -->\r\n                                                <div class=\"isotope-item ac\">\r\n                    <div class=\"projects-current-theme2\">\r\n\t<img fetchpriority=\"high\" width=\"600\" height=\"800\" src=\"https:\/\/www.klimujeme.com\/wp-content\/uploads\/2022\/07\/bgac12-600x800.jpg\" class=\"img-fullwidth wp-post-image\" alt=\"\" decoding=\"async\" srcset=\"https:\/\/www.klimujeme.com\/wp-content\/uploads\/2022\/07\/bgac12-600x800.jpg 600w, https:\/\/www.klimujeme.com\/wp-content\/uploads\/2022\/07\/bgac12-400x532.jpg 400w\" sizes=\"(max-width: 600px) 100vw, 600px\" \/>\t<div class=\"overlay-box\">\r\n\t\t\t\t<ul class=\"cat-list\">\r\n\t\t\t<li><a>ac<\/a><span>,<\/span><\/li>\t\t<\/ul>\r\n\t\t\t\t\t\t\t<h5 class=\"title floating-title\"><a href=\"https:\/\/www.klimujeme.com\/?projects=ac-installation\">AC Installation<\/a><\/h5>\r\n\t\t\t<\/div>\r\n<\/div>                <\/div>\r\n                                                <div class=\"isotope-item servicing\">\r\n                    <div class=\"projects-current-theme2\">\r\n\t<img width=\"600\" height=\"800\" src=\"https:\/\/www.klimujeme.com\/wp-content\/uploads\/2022\/07\/bgac13-600x800.jpg\" class=\"img-fullwidth wp-post-image\" alt=\"\" decoding=\"async\" srcset=\"https:\/\/www.klimujeme.com\/wp-content\/uploads\/2022\/07\/bgac13-600x800.jpg 600w, https:\/\/www.klimujeme.com\/wp-content\/uploads\/2022\/07\/bgac13-400x532.jpg 400w\" sizes=\"(max-width: 600px) 100vw, 600px\" \/>\t<div class=\"overlay-box\">\r\n\t\t\t\t<ul class=\"cat-list\">\r\n\t\t\t<li><a>Servicing<\/a><span>,<\/span><\/li>\t\t<\/ul>\r\n\t\t\t\t\t\t\t<h5 class=\"title floating-title\"><a href=\"https:\/\/www.klimujeme.com\/?projects=quality-checkup\">Quality Checkup<\/a><\/h5>\r\n\t\t\t<\/div>\r\n<\/div>                <\/div>\r\n                                                <div class=\"isotope-item ac\">\r\n                    <div class=\"projects-current-theme2\">\r\n\t<img width=\"600\" height=\"800\" src=\"https:\/\/www.klimujeme.com\/wp-content\/uploads\/2021\/04\/bg3-600x800.jpg\" class=\"img-fullwidth wp-post-image\" alt=\"\" decoding=\"async\" srcset=\"https:\/\/www.klimujeme.com\/wp-content\/uploads\/2021\/04\/bg3-600x800.jpg 600w, https:\/\/www.klimujeme.com\/wp-content\/uploads\/2021\/04\/bg3-400x532.jpg 400w\" sizes=\"(max-width: 600px) 100vw, 600px\" \/>\t<div class=\"overlay-box\">\r\n\t\t\t\t<ul class=\"cat-list\">\r\n\t\t\t<li><a>ac<\/a><span>,<\/span><\/li>\t\t<\/ul>\r\n\t\t\t\t\t\t\t<h5 class=\"title floating-title\"><a href=\"https:\/\/www.klimujeme.com\/?projects=dust-cleaning\">Dust Cleaning<\/a><\/h5>\r\n\t\t\t<\/div>\r\n<\/div>                <\/div>\r\n                                                <div class=\"isotope-item ac\">\r\n                    <div class=\"projects-current-theme2\">\r\n\t<img loading=\"lazy\" width=\"600\" height=\"800\" src=\"https:\/\/www.klimujeme.com\/wp-content\/uploads\/2021\/04\/bg6-600x800.jpg\" class=\"img-fullwidth wp-post-image\" alt=\"\" decoding=\"async\" srcset=\"https:\/\/www.klimujeme.com\/wp-content\/uploads\/2021\/04\/bg6-600x800.jpg 600w, https:\/\/www.klimujeme.com\/wp-content\/uploads\/2021\/04\/bg6-400x532.jpg 400w\" sizes=\"(max-width: 600px) 100vw, 600px\" \/>\t<div class=\"overlay-box\">\r\n\t\t\t\t<ul class=\"cat-list\">\r\n\t\t\t<li><a>ac<\/a><span>,<\/span><\/li>\t\t<\/ul>\r\n\t\t\t\t\t\t\t<h5 class=\"title floating-title\"><a href=\"https:\/\/www.klimujeme.com\/?projects=ac-gas-charging\">AC Gas Charging<\/a><\/h5>\r\n\t\t\t<\/div>\r\n<\/div>                <\/div>\r\n                                                <div class=\"isotope-item servicing\">\r\n                    <div class=\"projects-current-theme2\">\r\n\t<img loading=\"lazy\" width=\"600\" height=\"800\" src=\"https:\/\/www.klimujeme.com\/wp-content\/uploads\/2021\/03\/bg9-600x800.jpg\" class=\"img-fullwidth wp-post-image\" alt=\"\" decoding=\"async\" srcset=\"https:\/\/www.klimujeme.com\/wp-content\/uploads\/2021\/03\/bg9-600x800.jpg 600w, https:\/\/www.klimujeme.com\/wp-content\/uploads\/2021\/03\/bg9-400x532.jpg 400w\" sizes=\"(max-width: 600px) 100vw, 600px\" \/>\t<div class=\"overlay-box\">\r\n\t\t\t\t<ul class=\"cat-list\">\r\n\t\t\t<li><a>Servicing<\/a><span>,<\/span><\/li>\t\t<\/ul>\r\n\t\t\t\t\t\t\t<h5 class=\"title floating-title\"><a href=\"https:\/\/www.klimujeme.com\/?projects=technical-support\">Technical Support<\/a><\/h5>\r\n\t\t\t<\/div>\r\n<\/div>                <\/div>\r\n                                                <div class=\"isotope-item maintenance\">\r\n                    <div class=\"projects-current-theme2\">\r\n\t<img loading=\"lazy\" width=\"600\" height=\"800\" src=\"https:\/\/www.klimujeme.com\/wp-content\/uploads\/2021\/04\/bg2-1-600x800.jpg\" class=\"img-fullwidth wp-post-image\" alt=\"\" decoding=\"async\" srcset=\"https:\/\/www.klimujeme.com\/wp-content\/uploads\/2021\/04\/bg2-1-600x800.jpg 600w, https:\/\/www.klimujeme.com\/wp-content\/uploads\/2021\/04\/bg2-1-400x532.jpg 400w\" sizes=\"(max-width: 600px) 100vw, 600px\" \/>\t<div class=\"overlay-box\">\r\n\t\t\t\t<ul class=\"cat-list\">\r\n\t\t\t<li><a>maintenance<\/a><span>,<\/span><\/li>\t\t<\/ul>\r\n\t\t\t\t\t\t\t<h5 class=\"title floating-title\"><a href=\"https:\/\/www.klimujeme.com\/?projects=ac-maintenance\">AC Maintenance<\/a><\/h5>\r\n\t\t\t<\/div>\r\n<\/div>                <\/div>\r\n                                <!-- end of the loop -->\r\n\t\t\t<\/div>\r\n\t\t<\/div>\r\n\t\t\t<\/div>\r\n\t\t\r\n\r\n\t\t<\/div>\n\t\t\t\t<\/div>\n\t\t\t\t\t<\/div>\n\t\t<\/div>\n\t\t\t\t\t<\/div>\n\t\t<\/section>\n\t\t\t\t<\/div>\n\t\t","protected":false},"excerpt":{"rendered":"<p>ac, AC Installation Servicing, Quality Checkup ac, Dust Cleaning ac, AC Gas Charging Servicing, Technical Support maintenance, AC Maintenance<\/p>\n","protected":false},"author":1,"featured_media":0,"parent":0,"menu_order":0,"comment_status":"closed","ping_status":"closed","template":"","meta":{"_mi_skip_tracking":false,"_monsterinsights_sitenote_active":false,"_monsterinsights_sitenote_note":"","_monsterinsights_sitenote_category":0},"yoast_head":"<!-- This site is optimized with the Yoast SEO plugin v21.8.1 - https:\/\/yoast.com\/wordpress\/plugins\/seo\/ -->\n<title>Projects - KLIMUJEME.SK - Klimatiz\u00e1cie a tepeln\u00e9 \u010derpadl\u00e1<\/title>\n<meta name=\"robots\" content=\"index, follow, max-snippet:-1, max-image-preview:large, max-video-preview:-1\" \/>\n<link rel=\"canonical\" href=\"https:\/\/www.klimujeme.com\/?page_id=22947\" \/>\n<meta property=\"og:locale\" content=\"sk_SK\" \/>\n<meta property=\"og:type\" content=\"article\" \/>\n<meta property=\"og:title\" content=\"Projects - KLIMUJEME.SK - Klimatiz\u00e1cie a tepeln\u00e9 \u010derpadl\u00e1\" \/>\n<meta property=\"og:description\" content=\"ac, AC Installation Servicing, Quality Checkup ac, Dust Cleaning ac, AC Gas Charging Servicing, Technical Support maintenance, AC Maintenance\" \/>\n<meta property=\"og:url\" content=\"https:\/\/www.klimujeme.com\/?page_id=22947\" \/>\n<meta property=\"og:site_name\" content=\"KLIMUJEME.SK - Klimatiz\u00e1cie a tepeln\u00e9 \u010derpadl\u00e1\" \/>\n<meta property=\"og:image\" content=\"https:\/\/kodesolution.com\/2022\/cooltech\/wp-content\/uploads\/2022\/07\/bgac12-600x800.jpg\" \/>\n<meta name=\"twitter:card\" content=\"summary_large_image\" \/>\n<script type=\"application\/ld+json\" class=\"yoast-schema-graph\">{\"@context\":\"https:\/\/schema.org\",\"@graph\":[{\"@type\":\"WebPage\",\"@id\":\"https:\/\/www.klimujeme.com\/?page_id=22947\",\"url\":\"https:\/\/www.klimujeme.com\/?page_id=22947\",\"name\":\"Projects - KLIMUJEME.SK - Klimatiz\u00e1cie a tepeln\u00e9 \u010derpadl\u00e1\",\"isPartOf\":{\"@id\":\"https:\/\/www.klimujeme.com\/#website\"},\"datePublished\":\"2021-04-14T09:27:38+00:00\",\"dateModified\":\"2021-04-14T09:27:38+00:00\",\"breadcrumb\":{\"@id\":\"https:\/\/www.klimujeme.com\/?page_id=22947#breadcrumb\"},\"inLanguage\":\"sk-SK\",\"potentialAction\":[{\"@type\":\"ReadAction\",\"target\":[\"https:\/\/www.klimujeme.com\/?page_id=22947\"]}]},{\"@type\":\"BreadcrumbList\",\"@id\":\"https:\/\/www.klimujeme.com\/?page_id=22947#breadcrumb\",\"itemListElement\":[{\"@type\":\"ListItem\",\"position\":1,\"name\":\"Domovsk\u00e1 str\u00e1nka\",\"item\":\"https:\/\/www.klimujeme.com\/\"},{\"@type\":\"ListItem\",\"position\":2,\"name\":\"Projects\"}]},{\"@type\":\"WebSite\",\"@id\":\"https:\/\/www.klimujeme.com\/#website\",\"url\":\"https:\/\/www.klimujeme.com\/\",\"name\":\"KLIMUJEME.SK - Klimatiz\u00e1cie a tepeln\u00e9 \u010derpadl\u00e1\",\"description\":\"Klimatiz\u00e1cie pre v\u00e1\u0161 domov aj podnikanie\",\"potentialAction\":[{\"@type\":\"SearchAction\",\"target\":{\"@type\":\"EntryPoint\",\"urlTemplate\":\"https:\/\/www.klimujeme.com\/?s={search_term_string}\"},\"query-input\":\"required name=search_term_string\"}],\"inLanguage\":\"sk-SK\"}]}<\/script>\n<!-- \/ Yoast SEO plugin. -->","yoast_head_json":{"title":"Projects - KLIMUJEME.SK - Klimatiz\u00e1cie a tepeln\u00e9 \u010derpadl\u00e1","robots":{"index":"index","follow":"follow","max-snippet":"max-snippet:-1","max-image-preview":"max-image-preview:large","max-video-preview":"max-video-preview:-1"},"canonical":"https:\/\/www.klimujeme.com\/?page_id=22947","og_locale":"sk_SK","og_type":"article","og_title":"Projects - KLIMUJEME.SK - Klimatiz\u00e1cie a tepeln\u00e9 \u010derpadl\u00e1","og_description":"ac, AC Installation Servicing, Quality Checkup ac, Dust Cleaning ac, AC Gas Charging Servicing, Technical Support maintenance, AC Maintenance","og_url":"https:\/\/www.klimujeme.com\/?page_id=22947","og_site_name":"KLIMUJEME.SK - Klimatiz\u00e1cie a tepeln\u00e9 \u010derpadl\u00e1","og_image":[{"url":"https:\/\/kodesolution.com\/2022\/cooltech\/wp-content\/uploads\/2022\/07\/bgac12-600x800.jpg"}],"twitter_card":"summary_large_image","schema":{"@context":"https:\/\/schema.org","@graph":[{"@type":"WebPage","@id":"https:\/\/www.klimujeme.com\/?page_id=22947","url":"https:\/\/www.klimujeme.com\/?page_id=22947","name":"Projects - KLIMUJEME.SK - Klimatiz\u00e1cie a tepeln\u00e9 \u010derpadl\u00e1","isPartOf":{"@id":"https:\/\/www.klimujeme.com\/#website"},"datePublished":"2021-04-14T09:27:38+00:00","dateModified":"2021-04-14T09:27:38+00:00","breadcrumb":{"@id":"https:\/\/www.klimujeme.com\/?page_id=22947#breadcrumb"},"inLanguage":"sk-SK","potentialAction":[{"@type":"ReadAction","target":["https:\/\/www.klimujeme.com\/?page_id=22947"]}]},{"@type":"BreadcrumbList","@id":"https:\/\/www.klimujeme.com\/?page_id=22947#breadcrumb","itemListElement":[{"@type":"ListItem","position":1,"name":"Domovsk\u00e1 str\u00e1nka","item":"https:\/\/www.klimujeme.com\/"},{"@type":"ListItem","position":2,"name":"Projects"}]},{"@type":"WebSite","@id":"https:\/\/www.klimujeme.com\/#website","url":"https:\/\/www.klimujeme.com\/","name":"KLIMUJEME.SK - Klimatiz\u00e1cie a tepeln\u00e9 \u010derpadl\u00e1","description":"Klimatiz\u00e1cie pre v\u00e1\u0161 domov aj podnikanie","potentialAction":[{"@type":"SearchAction","target":{"@type":"EntryPoint","urlTemplate":"https:\/\/www.klimujeme.com\/?s={search_term_string}"},"query-input":"required name=search_term_string"}],"inLanguage":"sk-SK"}]}},"_links":{"self":[{"href":"https:\/\/www.klimujeme.com\/index.php?rest_route=\/wp\/v2\/pages\/22947"}],"collection":[{"href":"https:\/\/www.klimujeme.com\/index.php?rest_route=\/wp\/v2\/pages"}],"about":[{"href":"https:\/\/www.klimujeme.com\/index.php?rest_route=\/wp\/v2\/types\/page"}],"author":[{"embeddable":true,"href":"https:\/\/www.klimujeme.com\/index.php?rest_route=\/wp\/v2\/users\/1"}],"replies":[{"embeddable":true,"href":"https:\/\/www.klimujeme.com\/index.php?rest_route=%2Fwp%2Fv2%2Fcomments&post=22947"}],"version-history":[{"count":0,"href":"https:\/\/www.klimujeme.com\/index.php?rest_route=\/wp\/v2\/pages\/22947\/revisions"}],"wp:attachment":[{"href":"https:\/\/www.klimujeme.com\/index.php?rest_route=%2Fwp%2Fv2%2Fmedia&parent=22947"}],"curies":[{"name":"wp","href":"https:\/\/api.w.org\/{rel}","templated":true}]}}